{"id":3,"date":"2019-02-13T06:15:35","date_gmt":"2019-02-13T05:15:35","guid":{"rendered":"https:\/\/military-classic-memorabilia.com\/?page_id=3"},"modified":"2022-01-16T13:15:53","modified_gmt":"2022-01-16T12:15:53","slug":"politique-de-confidentialite","status":"publish","type":"page","link":"https:\/\/military-classic-memorabilia.com\/en\/politique-de-confidentialite\/","title":{"rendered":"Datas Privacy"},"content":{"rendered":"<p>PROTECTION DES DONN\u00c9ES PERSONNELLES<\/p>\n<p>Cette politique de protection des donn\u00e9es personnelles fixe la mani\u00e8re dont les donn\u00e9es personnelles sont trait\u00e9es dans le cadre de ce Site. Les utilisateurs du pr\u00e9sent Site sont susceptibles de communiquer, \u00e0 la SARL MCG, \u00e9diteur du Site (\u00ab nous \u00bb), des donn\u00e9es personnelles les concernant via les: \u2013 Traitement de vos demandes ; \u2013 Cookies.<\/p>\n<p>RESPONSABLE DU TRAITEMENT ET FINALIT\u00c9S<\/p>\n<p>Les donn\u00e9es personnelles collect\u00e9es sur le pr\u00e9sent Site le sont par la SARL MCG, situ\u00e9e Parc d&#8217;activit\u00e9 synergie &#8211; Route d&#8217;Isigny \u00e0 14450 Grandcamp Maisy, \u00e9diteur du Site et agissant en qualit\u00e9 de responsable du traitement au sens du RGPD. Vos donn\u00e9es personnelles sont utilis\u00e9es pour : nous assurer du respect de la l\u00e9gislation applicable, de nos conditions d&#8217;utilisation, notre charte d&#8217;usage et notre politique de confidentialit\u00e9, vous transmettre des informations sur l&#8217;\u00e9volution de nos services, sous r\u00e9serve de votre adh\u00e9sion au service, nous permettre d&#8217;am\u00e9liorer notre Site et notamment l&#8217;accessibilit\u00e9 et l&#8217;affichage de nos contenus sur votre appareil, r\u00e9pondre \u00e0 vos demandes formul\u00e9es notamment via le formulaire de contact disponible sur le site.<\/p>\n<p>BASE JURIDIQUE DES TRAITEMENTS ET CARACTERISTIQUES DE L\u2019USAGE ET DE LA COLLECTE DES DONNEES<\/p>\n<p><span style=\"text-decoration: underline;\">Traitement de vos demandes<\/span> : Les traitements de vos donn\u00e9es personnelles collect\u00e9es par l\u2019interm\u00e9diaire du formulaire de contact du Site ou de vos demandes postales, sont bas\u00e9s sur l\u2019int\u00e9r\u00eat l\u00e9gitime du responsable de traitement de vous adresser une r\u00e9ponse \u00e0 vos questions\/r\u00e9clamations sur le Site Internet. L\u2019ensemble des rubriques du formulaire de contact du Site Internet doit \u00eatre compl\u00e9t\u00e9. Votre nom, pr\u00e9nom et adresse e-mail sont collect\u00e9s lorsque vous utilisez le formulaire de contact. Ces informations sont utilis\u00e9es exclusivement pour vous contacter. Leur stockage est r\u00e9alis\u00e9 exclusivement sur nos serveurs bas\u00e9s en France. Le d\u00e9faut de communication de ces donn\u00e9es aura pour cons\u00e9quence l&#8217;impossibilit\u00e9 pour la SARL MCG de traiter votre demande.<\/p>\n<p><span style=\"text-decoration: underline;\">Les cookies<\/span> : Les cookies pr\u00e9sents sur le Site ont pour finalit\u00e9 de : faire fonctionner le Site Internet (cookies techniques) ; mesurer l\u2019audience du Site Internet. Par ailleurs, lors de chacune de vos visites, nous sommes susceptibles de recueillir, conform\u00e9ment \u00e0 la l\u00e9gislation applicable, des informations relatives aux appareils sur lesquels vous utilisez nos services ou aux r\u00e9seaux depuis lesquels vous acc\u00e9dez \u00e0 nos services, tels que notamment vos adresses IP, types et versions de navigateurs internet utilis\u00e9s, types et versions des plugins de votre navigateur, syst\u00e8mes et plateformes d\u2019exploitation, donn\u00e9es concernant votre parcours de navigation sur notre Site. Parmi les technologies utilis\u00e9es pour recueillir ces informations, nous avons notamment recours aux cookies (pour en savoir plus \u00e0 ce sujet, veuillez vous r\u00e9f\u00e9rer \u00e0 notre information sur la \u00ab Gestion des Cookies \u00bb).<\/p>\n<p>DUR\u00c9E DE CONSERVATION DES DONN\u00c9ES<\/p>\n<p>Vos donn\u00e9es personnelles sont conserv\u00e9es et trait\u00e9es pour la dur\u00e9e n\u00e9cessaire \u00e0 la r\u00e9alisation de la finalit\u00e9 poursuivie et au maximum pour les dur\u00e9es mentionn\u00e9es dans la pr\u00e9sente politique de protection des donn\u00e9es : pour les demandes adress\u00e9es notamment via le formulaire de contact : dur\u00e9e n\u00e9cessaire pour le traitement de la demande. 13 mois \u00e0 compter du d\u00e9p\u00f4t des cookies de mesure d\u2019audience dans l\u2019\u00e9quipement du Membre de 0 mois \u00e0 3 mois pour les cookies techniques 25 mois pour les donn\u00e9es de connexion (adresse IP, logs,etc.)<\/p>\n<p>DESTINATAIRES DES DONNEES<\/p>\n<p>Vos donn\u00e9es personnelles sont susceptibles d\u2019\u00eatre communiqu\u00e9es \u00e0 nos sous-traitants pour les seuls besoins de la sous-traitance. Par ailleurs, vos donn\u00e9es personnelles recueillies dans le cadre du formulaire de contact pourront \u00eatre si n\u00e9cessaire transmises \u00e0 toute entit\u00e9 de la SARL MCG concern\u00e9e pour le traitement de vos demandes.<\/p>\n<p>MODALIT\u00c9S D\u2019EXERCICE DE VOS DROITS<\/p>\n<p>Vous disposez, dans les conditions pr\u00e9vues par la loi, de droits sur les donn\u00e9es personnelles vous concernant que nous collectons et traitons dans le cadre de votre utilisation du Site, de ses services et de vos demandes. Ces droits sont les suivants : droit d\u2019acc\u00e8s, de rectification et de d\u2019effacement des donn\u00e9es droit de d\u00e9finir des directives g\u00e9n\u00e9rales ou particuli\u00e8res relatives au sort de vos donn\u00e9es personnelles apr\u00e8s votre d\u00e9c\u00e8s droit d\u2019opposition au traitement de vos donn\u00e9es droit \u00e0 la limitation du traitement de vos donn\u00e9es droit \u00e0 la portabilit\u00e9 Vous pouvez exercer ces droits en \u00e9crivant au correspondant RGPD de la SARL MCG par email ou par lettre simple \u00e0 l\u2019adresse suivante : SARL MCG, Z.A Synergie 14450 GRANDCAMP MAISY &#8211; FRANCE Vous pouvez, en cas de contestation, former une r\u00e9clamation aupr\u00e8s de la Commission Nationale de l\u2019Informatique et des Libert\u00e9s dont le Site internet est accessible \u00e0 l\u2019adresse suivante http:\/\/www.cnil.fr et le si\u00e8ge situ\u00e9 3 Place de Fontenoy, 75007 Paris.<\/p>\n<p>POLITIQUE EN MATI\u00c8RE DE COOKIES<\/p>\n<p>Les cookies am\u00e9liorent l\u2019acc\u00e8s \u00e0 notre site et en facilitent l&#8217;usage, par exemple en se souvenant de votre langue de navigation lorsque le site est disponible en plusieurs versions. Cependant, cette utilisation des cookies n\u2019est en aucune fa\u00e7on li\u00e9e \u00e0 des informations personnelles identifiables sur notre site. Mesures d&#8217;audience: ce site re\u00e7oit et enregistre des informations \u00e0 partir de votre navigateur et la page que vous demandez, afin d\u2019obtenir des statistiques de navigation sur le site, via notre service Analytics. Votre adresse IP de connexion est identifi\u00e9e et anonymis\u00e9e (suppression partielle des donn\u00e9es). Conform\u00e9ment aux dispositions de la CNIL, ce service ne n\u00e9cessite pas le consentement pr\u00e9alable.<\/p>\n<blockquote>\n<p><em><span style=\"text-decoration: underline;\">Extrait information CNIL Septembre 2021<\/span> : Dans quels cas les cookies sont-ils exempt\u00e9s de consentement ? Afin de se limiter \u00e0 ce qui est strictement n\u00e9cessaire \u00e0 la fourniture du service et \u00eatre ainsi exempt\u00e9s de consentement conform\u00e9ment \u00e0 l\u2019article 82 de la loi Informatique et Libert\u00e9s, ces traceurs doivent : avoir une finalit\u00e9 strictement limit\u00e9e \u00e0 la seule mesure de l\u2019audience du site ou de l\u2019application (mesure des performances, d\u00e9tection de probl\u00e8mes de navigation, optimisation des performances techniques ou de son ergonomie, estimation de la puissance des serveurs n\u00e9cessaires, analyse des contenus consult\u00e9), pour le compte exclusif de l\u2019\u00e9diteur. servir \u00e0 produire des donn\u00e9es statistiques anonymes uniquement. \u00c0 l\u2019inverse, pour \u00eatre exempt\u00e9s de consentement, ces traceurs ne doivent pas : conduire \u00e0 un recoupement des donn\u00e9es avec d\u2019autres traitements ou \u00e0 ce que les donn\u00e9es soient transmises \u00e0 des tiers ; ne pas permettre le suivi global de la navigation de la personne utilisant diff\u00e9rentes applications ou naviguant sur diff\u00e9rents sites web. Toute solution utilisant un m\u00eame identifiant \u00e0 travers plusieurs sites (via par exemple des cookies d\u00e9pos\u00e9s sur un domaine tiers charg\u00e9 par plusieurs sites) pour croiser, d\u00e9doubler ou mesurer un taux de couverture (\u00ab reach \u00bb) unifi\u00e9 d\u2019un contenu est exclue.<\/em><\/p>\n<\/blockquote>\n<p>Vous pouvez \u00e0 tout moment personnaliser la gestion des cookies sur le site <em><span style=\"color: #008080;\"><span style=\"text-decoration: underline;\"><a style=\"color: #008080; text-decoration: underline;\" href=\"#tarteaucitron\">via l\u2019outil affich\u00e9 sur cette page<\/a>.<\/span><\/span><\/em> Vous \u00eates inform\u00e9.e et acceptez que la non acceptation de certains cookies puisse alt\u00e9rer votre navigation sur le Site, celui-ci ne pouvant \u00eatre tenu responsable des effets relatifs \u00e0 vos r\u00e9glages de cookies.<\/p>\n","protected":false},"excerpt":{"rendered":"<p>PROTECTION DES DONN\u00c9ES PERSONNELLES Cette politique de protection des donn\u00e9es personnelles fixe la mani\u00e8re dont les donn\u00e9es personnelles sont trait\u00e9es dans le cadre de ce Site. Les utilisateurs du pr\u00e9sent Site sont susceptibles de communiquer, \u00e0 la SARL MCG, \u00e9diteur du Site (\u00ab nous \u00bb), des donn\u00e9es personnelles les concernant via les: \u2013 Traitement de [&hellip;]<\/p>\n","protected":false},"author":1,"featured_media":0,"parent":0,"menu_order":9,"comment_status":"closed","ping_status":"open","template":"template-centered-no-title.php","meta":{"footnotes":""},"class_list":["post-3","page","type-page","status-publish","hentry"],"_links":{"self":[{"href":"https:\/\/military-classic-memorabilia.com\/en\/wp-json\/wp\/v2\/pages\/3","targetHints":{"allow":["GET"]}}],"collection":[{"href":"https:\/\/military-classic-memorabilia.com\/en\/wp-json\/wp\/v2\/pages"}],"about":[{"href":"https:\/\/military-classic-memorabilia.com\/en\/wp-json\/wp\/v2\/types\/page"}],"author":[{"embeddable":true,"href":"https:\/\/military-classic-memorabilia.com\/en\/wp-json\/wp\/v2\/users\/1"}],"replies":[{"embeddable":true,"href":"https:\/\/military-classic-memorabilia.com\/en\/wp-json\/wp\/v2\/comments?post=3"}],"version-history":[{"count":7,"href":"https:\/\/military-classic-memorabilia.com\/en\/wp-json\/wp\/v2\/pages\/3\/revisions"}],"predecessor-version":[{"id":69793,"href":"https:\/\/military-classic-memorabilia.com\/en\/wp-json\/wp\/v2\/pages\/3\/revisions\/69793"}],"wp:attachment":[{"href":"https:\/\/military-classic-memorabilia.com\/en\/wp-json\/wp\/v2\/media?parent=3"}],"curies":[{"name":"wp","href":"https:\/\/api.w.org\/{rel}","templated":true}]}}