{"id":62614,"date":"2020-10-13T18:45:43","date_gmt":"2020-10-13T16:45:43","guid":{"rendered":"https:\/\/military-classic-memorabilia.com\/?post_type=product&#038;p=62614"},"modified":"2024-10-31T09:01:36","modified_gmt":"2024-10-31T08:01:36","slug":"char-tigre-2-maquette-unique-artisanale","status":"publish","type":"product","link":"https:\/\/military-classic-memorabilia.com\/en\/product\/char-tigre-2-maquette-unique-artisanale\/","title":{"rendered":"TIGRE 2 tank, unique handcrafted model"},"content":{"rendered":"<p>The icon TIGER 2 model battle tank.<\/p>\n<p>Imposing and unique model, personal realization of the years 80-90.<\/p>\n<p><!--more--><\/p>\n<p>In wood, balsa &amp; steel, motorized with turret rotation system, movement of the tank, lamp and various accessories to be put back into operation.<\/p>\n<p>Dimensions:<\/p>\n<p>Length 55,11&#8243;<\/p>\n<p>Width 15,74&#8243;<\/p>\n<p>Height 19,68&#8243;<\/p>\n<p>Weight 61,72 lbs<\/p>\n<p>Very beautiful object of exhibition.<\/p>","protected":false},"excerpt":{"rendered":"<p>Sorry, this entry is only available in Fran\u00e7ais.Iconique char de combat mod\u00e8le TIGRE 2. Maquette imposante et unique, r\u00e9alisation personnelle des ann\u00e9es 80-90.<\/p>\n","protected":false},"featured_media":65356,"template":"","meta":[],"product_cat":[158],"product_tag":[],"class_list":{"0":"post-62614","1":"product","2":"type-product","3":"status-publish","4":"has-post-thumbnail","6":"product_cat-archives","8":"first","9":"outofstock","10":"taxable","11":"shipping-taxable","12":"purchasable","13":"product-type-simple"},"_links":{"self":[{"href":"https:\/\/military-classic-memorabilia.com\/en\/wp-json\/wp\/v2\/product\/62614","targetHints":{"allow":["GET"]}}],"collection":[{"href":"https:\/\/military-classic-memorabilia.com\/en\/wp-json\/wp\/v2\/product"}],"about":[{"href":"https:\/\/military-classic-memorabilia.com\/en\/wp-json\/wp\/v2\/types\/product"}],"wp:featuredmedia":[{"embeddable":true,"href":"https:\/\/military-classic-memorabilia.com\/en\/wp-json\/wp\/v2\/media\/65356"}],"wp:attachment":[{"href":"https:\/\/military-classic-memorabilia.com\/en\/wp-json\/wp\/v2\/media?parent=62614"}],"wp:term":[{"taxonomy":"product_cat","embeddable":true,"href":"https:\/\/military-classic-memorabilia.com\/en\/wp-json\/wp\/v2\/product_cat?post=62614"},{"taxonomy":"product_tag","embeddable":true,"href":"https:\/\/military-classic-memorabilia.com\/en\/wp-json\/wp\/v2\/product_tag?post=62614"}],"curies":[{"name":"wp","href":"https:\/\/api.w.org\/{rel}","templated":true}]}}