{"id":64460,"date":"2021-02-12T12:59:27","date_gmt":"2021-02-12T11:59:27","guid":{"rendered":"https:\/\/military-classic-memorabilia.com\/?post_type=product&#038;p=64460"},"modified":"2021-05-08T13:28:53","modified_gmt":"2021-05-08T11:28:53","slug":"casquette-de-mecanicien-a-3-usaaf-1942","status":"publish","type":"product","link":"https:\/\/military-classic-memorabilia.com\/en\/product\/casquette-de-mecanicien-a-3-usaaf-1942\/","title":{"rendered":"Cap Mechanics Model A-3 USAAF 1942"},"content":{"rendered":"<p>Cap Mechanics model A-3 made of 6 panels of HBT fabric.<\/p>\n<p>Manufactured by Society Brand Hat Co. and size 7 1\/8 (size 57).<\/p>\n<p>Contract number W535-AC-22073 corresponding to 1942.<\/p>\n<p>Very good condition.<\/p>","protected":false},"excerpt":{"rendered":"<p>Sorry, this entry is only available in Fran\u00e7ais.Casquette de m\u00e9canicien mod\u00e8le A-3 confectionn\u00e9 de 6 panneaux de toile HBT. De fabrication Society Brand Hat Co. et de taille 7 1\/8 (taille 57).<\/p>\n","protected":false},"featured_media":64946,"template":"","meta":[],"product_cat":[158],"product_tag":[],"class_list":{"0":"post-64460","1":"product","2":"type-product","3":"status-publish","4":"has-post-thumbnail","6":"product_cat-archives","8":"first","9":"outofstock","10":"shipping-taxable","11":"purchasable","12":"product-type-simple"},"_links":{"self":[{"href":"https:\/\/military-classic-memorabilia.com\/en\/wp-json\/wp\/v2\/product\/64460","targetHints":{"allow":["GET"]}}],"collection":[{"href":"https:\/\/military-classic-memorabilia.com\/en\/wp-json\/wp\/v2\/product"}],"about":[{"href":"https:\/\/military-classic-memorabilia.com\/en\/wp-json\/wp\/v2\/types\/product"}],"wp:featuredmedia":[{"embeddable":true,"href":"https:\/\/military-classic-memorabilia.com\/en\/wp-json\/wp\/v2\/media\/64946"}],"wp:attachment":[{"href":"https:\/\/military-classic-memorabilia.com\/en\/wp-json\/wp\/v2\/media?parent=64460"}],"wp:term":[{"taxonomy":"product_cat","embeddable":true,"href":"https:\/\/military-classic-memorabilia.com\/en\/wp-json\/wp\/v2\/product_cat?post=64460"},{"taxonomy":"product_tag","embeddable":true,"href":"https:\/\/military-classic-memorabilia.com\/en\/wp-json\/wp\/v2\/product_tag?post=64460"}],"curies":[{"name":"wp","href":"https:\/\/api.w.org\/{rel}","templated":true}]}}