{"id":653,"date":"2019-04-03T08:35:18","date_gmt":"2019-04-03T06:35:18","guid":{"rendered":"https:\/\/military-classic-memorabilia.com\/?post_type=product&#038;p=653"},"modified":"2022-04-01T16:03:23","modified_gmt":"2022-04-01T14:03:23","slug":"housse-chemical-agent-detector-m9","status":"publish","type":"product","link":"https:\/\/military-classic-memorabilia.com\/en\/product\/housse-chemical-agent-detector-m9\/","title":{"rendered":"Cover M9  Chemical Agent Detector"},"content":{"rendered":"<p>Cover M9 chemical agent detector kit with strap &#8211; Interior marking GWL lot N\u00b0 4-846-6 &#8211; Cover in very good condition ( missing the chemical detection tubes ).<\/p>","protected":false},"excerpt":{"rendered":"<p>Housse Kit chemical agent detector M9 avec sa sangle. Housse tr\u00e8s belle \u00e9tat, ne contient plus les tubes de d\u00e9tection chimique. Marquage int\u00e9rieur GWL lot N\u00b0 4-846-6<\/p>\n","protected":false},"featured_media":655,"template":"","meta":[],"product_cat":[158],"product_tag":[170],"class_list":{"0":"post-653","1":"product","2":"type-product","3":"status-publish","4":"has-post-thumbnail","6":"product_cat-archives","7":"product_tag-trevieres","9":"first","10":"outofstock","11":"sold-individually","12":"shipping-taxable","13":"purchasable","14":"product-type-simple"},"_links":{"self":[{"href":"https:\/\/military-classic-memorabilia.com\/en\/wp-json\/wp\/v2\/product\/653","targetHints":{"allow":["GET"]}}],"collection":[{"href":"https:\/\/military-classic-memorabilia.com\/en\/wp-json\/wp\/v2\/product"}],"about":[{"href":"https:\/\/military-classic-memorabilia.com\/en\/wp-json\/wp\/v2\/types\/product"}],"wp:featuredmedia":[{"embeddable":true,"href":"https:\/\/military-classic-memorabilia.com\/en\/wp-json\/wp\/v2\/media\/655"}],"wp:attachment":[{"href":"https:\/\/military-classic-memorabilia.com\/en\/wp-json\/wp\/v2\/media?parent=653"}],"wp:term":[{"taxonomy":"product_cat","embeddable":true,"href":"https:\/\/military-classic-memorabilia.com\/en\/wp-json\/wp\/v2\/product_cat?post=653"},{"taxonomy":"product_tag","embeddable":true,"href":"https:\/\/military-classic-memorabilia.com\/en\/wp-json\/wp\/v2\/product_tag?post=653"}],"curies":[{"name":"wp","href":"https:\/\/api.w.org\/{rel}","templated":true}]}}