{"id":659,"date":"2019-04-03T09:52:23","date_gmt":"2019-04-03T07:52:23","guid":{"rendered":"https:\/\/military-classic-memorabilia.com\/?post_type=product&#038;p=659"},"modified":"2022-01-10T18:36:15","modified_gmt":"2022-01-10T17:36:15","slug":"alidade-de-visee-m15","status":"publish","type":"product","link":"https:\/\/military-classic-memorabilia.com\/en\/product\/alidade-de-visee-m15\/","title":{"rendered":"Alidade sight M15"},"content":{"rendered":"<p>Alidade sight for rifle grenade with instructions for use and carrying case &#8211; Mint condition.<\/p>","protected":false},"excerpt":{"rendered":"<p>Alidade de vis\u00e9e pour grenade \u00e0 fusil avec mode d&#8217;emploi et \u00e9tui de transport Bearse MFG. C. 1944. Etat neuf de stock<\/p>\n","protected":false},"featured_media":660,"template":"","meta":[],"product_cat":[158],"product_tag":[],"class_list":{"0":"post-659","1":"product","2":"type-product","3":"status-publish","4":"has-post-thumbnail","6":"product_cat-archives","8":"first","9":"outofstock","10":"sale","11":"sold-individually","12":"shipping-taxable","13":"purchasable","14":"product-type-simple"},"_links":{"self":[{"href":"https:\/\/military-classic-memorabilia.com\/en\/wp-json\/wp\/v2\/product\/659","targetHints":{"allow":["GET"]}}],"collection":[{"href":"https:\/\/military-classic-memorabilia.com\/en\/wp-json\/wp\/v2\/product"}],"about":[{"href":"https:\/\/military-classic-memorabilia.com\/en\/wp-json\/wp\/v2\/types\/product"}],"wp:featuredmedia":[{"embeddable":true,"href":"https:\/\/military-classic-memorabilia.com\/en\/wp-json\/wp\/v2\/media\/660"}],"wp:attachment":[{"href":"https:\/\/military-classic-memorabilia.com\/en\/wp-json\/wp\/v2\/media?parent=659"}],"wp:term":[{"taxonomy":"product_cat","embeddable":true,"href":"https:\/\/military-classic-memorabilia.com\/en\/wp-json\/wp\/v2\/product_cat?post=659"},{"taxonomy":"product_tag","embeddable":true,"href":"https:\/\/military-classic-memorabilia.com\/en\/wp-json\/wp\/v2\/product_tag?post=659"}],"curies":[{"name":"wp","href":"https:\/\/api.w.org\/{rel}","templated":true}]}}