{"id":66333,"date":"2021-04-27T14:02:12","date_gmt":"2021-04-27T12:02:12","guid":{"rendered":"https:\/\/military-classic-memorabilia.com\/?post_type=product&#038;p=66333"},"modified":"2021-05-24T12:37:01","modified_gmt":"2021-05-24T10:37:01","slug":"paire-de-titles-commando-2","status":"publish","type":"product","link":"https:\/\/military-classic-memorabilia.com\/en\/product\/paire-de-titles-commando-2\/","title":{"rendered":"Pair titles Commando &#8211; british made"},"content":{"rendered":"<p>Paire de titles Commando de fabrication Anglaise.<\/p>\n<p>Ce type d&#8217;insigne est utilis\u00e9 par les troupes british commando, ainsi que par les troupes du 1BFM commando Kieffer, pour \u00eatre remplac\u00e9 par le 10 commando inter-allied et ensuite par le 4 commando.<\/p>\n<p>Photo repr\u00e9sentant Paul Briart (badge 3), lors du d\u00e9fil\u00e9 du 14 juillet 1942 \u00e0 Londres.<\/p>\n<p>&nbsp;<\/p>","protected":false},"excerpt":{"rendered":"<p>Sorry, this entry is only available in Fran\u00e7ais.<\/p>\n","protected":false},"featured_media":66334,"template":"","meta":[],"product_cat":[158],"product_tag":[],"class_list":{"0":"post-66333","1":"product","2":"type-product","3":"status-publish","4":"has-post-thumbnail","6":"product_cat-archives","8":"first","9":"outofstock","10":"shipping-taxable","11":"purchasable","12":"product-type-simple"},"_links":{"self":[{"href":"https:\/\/military-classic-memorabilia.com\/en\/wp-json\/wp\/v2\/product\/66333","targetHints":{"allow":["GET"]}}],"collection":[{"href":"https:\/\/military-classic-memorabilia.com\/en\/wp-json\/wp\/v2\/product"}],"about":[{"href":"https:\/\/military-classic-memorabilia.com\/en\/wp-json\/wp\/v2\/types\/product"}],"wp:featuredmedia":[{"embeddable":true,"href":"https:\/\/military-classic-memorabilia.com\/en\/wp-json\/wp\/v2\/media\/66334"}],"wp:attachment":[{"href":"https:\/\/military-classic-memorabilia.com\/en\/wp-json\/wp\/v2\/media?parent=66333"}],"wp:term":[{"taxonomy":"product_cat","embeddable":true,"href":"https:\/\/military-classic-memorabilia.com\/en\/wp-json\/wp\/v2\/product_cat?post=66333"},{"taxonomy":"product_tag","embeddable":true,"href":"https:\/\/military-classic-memorabilia.com\/en\/wp-json\/wp\/v2\/product_tag?post=66333"}],"curies":[{"name":"wp","href":"https:\/\/api.w.org\/{rel}","templated":true}]}}