{"id":67749,"date":"2021-09-06T15:54:31","date_gmt":"2021-09-06T13:54:31","guid":{"rendered":"https:\/\/military-classic-memorabilia.com\/?post_type=product&#038;p=67749"},"modified":"2026-01-28T10:03:50","modified_gmt":"2026-01-28T09:03:50","slug":"paire-de-sangles-pour-musettes-medicales","status":"publish","type":"product","link":"https:\/\/military-classic-memorabilia.com\/en\/product\/paire-de-sangles-pour-musettes-medicales\/","title":{"rendered":"(Fran\u00e7ais) PAIRE DE SANGLES POUR MUSETTES M\u00c9DICALES"},"content":{"rendered":"<p class=\"qtranxs-available-languages-message qtranxs-available-languages-message-en\">Sorry, this entry is only available in <a href=\"https:\/\/military-classic-memorabilia.com\/fr\/wp-json\/wp\/v2\/product\/67749\" class=\"qtranxs-available-language-link qtranxs-available-language-link-fr\" title=\"Fran\u00e7ais\">Fran\u00e7ais<\/a>.<\/p><p>Deux sangles pour pouchs medic US ARMY<\/p>\n<p>En tr\u00e8s bon \u00e9tat<\/p>","protected":false},"excerpt":{"rendered":"<p>Sorry, this entry is only available in Fran\u00e7ais.Deux sangles pour pouchs medic US ARMY En tr\u00e8s bon \u00e9tat<\/p>\n","protected":false},"featured_media":67750,"template":"","meta":[],"product_cat":[158],"product_tag":[],"class_list":{"0":"post-67749","1":"product","2":"type-product","3":"status-publish","4":"has-post-thumbnail","6":"product_cat-archives","8":"first","9":"instock","10":"taxable","11":"shipping-taxable","12":"purchasable","13":"product-type-simple"},"_links":{"self":[{"href":"https:\/\/military-classic-memorabilia.com\/en\/wp-json\/wp\/v2\/product\/67749","targetHints":{"allow":["GET"]}}],"collection":[{"href":"https:\/\/military-classic-memorabilia.com\/en\/wp-json\/wp\/v2\/product"}],"about":[{"href":"https:\/\/military-classic-memorabilia.com\/en\/wp-json\/wp\/v2\/types\/product"}],"wp:featuredmedia":[{"embeddable":true,"href":"https:\/\/military-classic-memorabilia.com\/en\/wp-json\/wp\/v2\/media\/67750"}],"wp:attachment":[{"href":"https:\/\/military-classic-memorabilia.com\/en\/wp-json\/wp\/v2\/media?parent=67749"}],"wp:term":[{"taxonomy":"product_cat","embeddable":true,"href":"https:\/\/military-classic-memorabilia.com\/en\/wp-json\/wp\/v2\/product_cat?post=67749"},{"taxonomy":"product_tag","embeddable":true,"href":"https:\/\/military-classic-memorabilia.com\/en\/wp-json\/wp\/v2\/product_tag?post=67749"}],"curies":[{"name":"wp","href":"https:\/\/api.w.org\/{rel}","templated":true}]}}