{"id":70769,"date":"2022-02-07T15:03:13","date_gmt":"2022-02-07T14:03:13","guid":{"rendered":"https:\/\/military-classic-memorabilia.com\/?post_type=product&#038;p=70769"},"modified":"2022-04-19T13:26:24","modified_gmt":"2022-04-19T11:26:24","slug":"paire-de-gants-de-travail","status":"publish","type":"product","link":"https:\/\/military-classic-memorabilia.com\/en\/product\/paire-de-gants-de-travail\/","title":{"rendered":"(Fran\u00e7ais) PAIRE DE GANTS DE TRAVAIL"},"content":{"rendered":"<p class=\"qtranxs-available-languages-message qtranxs-available-languages-message-en\">Sorry, this entry is only available in <a href=\"https:\/\/military-classic-memorabilia.com\/fr\/wp-json\/wp\/v2\/product\/70769\" class=\"qtranxs-available-language-link qtranxs-available-language-link-fr\" title=\"Fran\u00e7ais\">Fran\u00e7ais<\/a>.<\/p><p>Paire de gants de travail en cuir.<\/p>\n<p>Tampon int\u00e9rieur de manufacture et de date illisible.<\/p>\n<p>Marquage C1829 \u00e0 l&#8217;int\u00e9rieur des deux gants.<\/p>\n<p>Bon \u00e9tat.<\/p>","protected":false},"excerpt":{"rendered":"<p>Sorry, this entry is only available in Fran\u00e7ais.Paire de gants de travail en cuir. Tampon int\u00e9rieur de manufacture et de date illisible. Marquage C1829 \u00e0 l&#8217;int\u00e9rieur des deux gants. Bon \u00e9tat.<\/p>\n","protected":false},"featured_media":70773,"template":"","meta":[],"product_cat":[158],"product_tag":[],"class_list":{"0":"post-70769","1":"product","2":"type-product","3":"status-publish","4":"has-post-thumbnail","6":"product_cat-archives","8":"first","9":"outofstock","10":"taxable","11":"shipping-taxable","12":"purchasable","13":"product-type-simple"},"_links":{"self":[{"href":"https:\/\/military-classic-memorabilia.com\/en\/wp-json\/wp\/v2\/product\/70769","targetHints":{"allow":["GET"]}}],"collection":[{"href":"https:\/\/military-classic-memorabilia.com\/en\/wp-json\/wp\/v2\/product"}],"about":[{"href":"https:\/\/military-classic-memorabilia.com\/en\/wp-json\/wp\/v2\/types\/product"}],"wp:featuredmedia":[{"embeddable":true,"href":"https:\/\/military-classic-memorabilia.com\/en\/wp-json\/wp\/v2\/media\/70773"}],"wp:attachment":[{"href":"https:\/\/military-classic-memorabilia.com\/en\/wp-json\/wp\/v2\/media?parent=70769"}],"wp:term":[{"taxonomy":"product_cat","embeddable":true,"href":"https:\/\/military-classic-memorabilia.com\/en\/wp-json\/wp\/v2\/product_cat?post=70769"},{"taxonomy":"product_tag","embeddable":true,"href":"https:\/\/military-classic-memorabilia.com\/en\/wp-json\/wp\/v2\/product_tag?post=70769"}],"curies":[{"name":"wp","href":"https:\/\/api.w.org\/{rel}","templated":true}]}}