{"id":81752,"date":"2023-01-11T15:43:57","date_gmt":"2023-01-11T14:43:57","guid":{"rendered":"https:\/\/military-classic-memorabilia.com\/?post_type=product&#038;p=81752"},"modified":"2023-01-12T08:57:17","modified_gmt":"2023-01-12T07:57:17","slug":"lot-de-3-tracs-dinformations","status":"publish","type":"product","link":"https:\/\/military-classic-memorabilia.com\/en\/product\/lot-de-3-tracs-dinformations\/","title":{"rendered":"LOT OF 3 INFORMATION TRACS Normandy 1944"},"content":{"rendered":"<p>Set of three tracers recovered and kept as a souvenir of the Battle of Normandy period by a Calvados resident.<\/p>\n<p>Set including 3 copies:<\/p>\n<ul>\n<li>Les Arm\u00e9es Alli\u00e9es D\u00e9barquent &#8211; Signed Dwight D. Eisenhower.<\/li>\n<li>Urgent message\u00a0aux habitants de cette ville &#8211; &#8220;Partez sur le Champs&#8221; (Go to the Fields).<\/li>\n<li>Message to the Axis troops after the surrender of General Von Schlieben in charge of defending Cherbourg (Manche).<\/li>\n<\/ul>\n<p>&nbsp;<\/p>\n<p>Set in good condition.<\/p>","protected":false},"excerpt":{"rendered":"<p>Set of three tracers recovered and kept as a souvenir of the Battle of Normandy period by a Calvados resident. Set including 3 copies: Les Arm\u00e9es Alli\u00e9es D\u00e9barquent &#8211; Signed Dwight D. Eisenhower. Urgent message\u00a0aux habitants de cette ville &#8211; &#8220;Partez sur le Champs&#8221; (Go to the Fields). Message to the Axis troops after the [&hellip;]<\/p>\n","protected":false},"featured_media":81795,"template":"","meta":[],"product_cat":[158],"product_tag":[],"class_list":{"0":"post-81752","1":"product","2":"type-product","3":"status-publish","4":"has-post-thumbnail","6":"product_cat-archives","8":"first","9":"outofstock","10":"shipping-taxable","11":"purchasable","12":"product-type-simple"},"_links":{"self":[{"href":"https:\/\/military-classic-memorabilia.com\/en\/wp-json\/wp\/v2\/product\/81752","targetHints":{"allow":["GET"]}}],"collection":[{"href":"https:\/\/military-classic-memorabilia.com\/en\/wp-json\/wp\/v2\/product"}],"about":[{"href":"https:\/\/military-classic-memorabilia.com\/en\/wp-json\/wp\/v2\/types\/product"}],"wp:featuredmedia":[{"embeddable":true,"href":"https:\/\/military-classic-memorabilia.com\/en\/wp-json\/wp\/v2\/media\/81795"}],"wp:attachment":[{"href":"https:\/\/military-classic-memorabilia.com\/en\/wp-json\/wp\/v2\/media?parent=81752"}],"wp:term":[{"taxonomy":"product_cat","embeddable":true,"href":"https:\/\/military-classic-memorabilia.com\/en\/wp-json\/wp\/v2\/product_cat?post=81752"},{"taxonomy":"product_tag","embeddable":true,"href":"https:\/\/military-classic-memorabilia.com\/en\/wp-json\/wp\/v2\/product_tag?post=81752"}],"curies":[{"name":"wp","href":"https:\/\/api.w.org\/{rel}","templated":true}]}}