{"id":83652,"date":"2023-04-14T15:55:28","date_gmt":"2023-04-14T13:55:28","guid":{"rendered":"https:\/\/military-classic-memorabilia.com\/?post_type=product&#038;p=83652"},"modified":"2023-05-02T09:52:26","modified_gmt":"2023-05-02T07:52:26","slug":"lunette-de-vol-usaaf-type-b-8-2","status":"publish","type":"product","link":"https:\/\/military-classic-memorabilia.com\/en\/product\/lunette-de-vol-usaaf-type-b-8-2\/","title":{"rendered":"LUNETTE DE VOL USAAF TYPE B-8"},"content":{"rendered":"<p>Lunette de vol Us Air Force de type B-8 sp\u00e9cifique et diff\u00e9rente des lunette Polaro\u00efd Army.<\/p>\n<p>Marquage Flying Goggle Type B8.<\/p>\n","protected":false},"excerpt":{"rendered":"<p>Lunette de vol Us Air Force de type B-8 sp\u00e9cifique et diff\u00e9rente des lunette Polaro\u00efd Army. Marquage Flying Goggle Type B8.<\/p>\n","protected":false},"featured_media":83653,"template":"","meta":[],"product_cat":[158],"product_tag":[],"class_list":{"0":"post-83652","1":"product","2":"type-product","3":"status-publish","4":"has-post-thumbnail","6":"product_cat-archives","8":"first","9":"outofstock","10":"shipping-taxable","11":"purchasable","12":"product-type-simple"},"_links":{"self":[{"href":"https:\/\/military-classic-memorabilia.com\/en\/wp-json\/wp\/v2\/product\/83652","targetHints":{"allow":["GET"]}}],"collection":[{"href":"https:\/\/military-classic-memorabilia.com\/en\/wp-json\/wp\/v2\/product"}],"about":[{"href":"https:\/\/military-classic-memorabilia.com\/en\/wp-json\/wp\/v2\/types\/product"}],"wp:featuredmedia":[{"embeddable":true,"href":"https:\/\/military-classic-memorabilia.com\/en\/wp-json\/wp\/v2\/media\/83653"}],"wp:attachment":[{"href":"https:\/\/military-classic-memorabilia.com\/en\/wp-json\/wp\/v2\/media?parent=83652"}],"wp:term":[{"taxonomy":"product_cat","embeddable":true,"href":"https:\/\/military-classic-memorabilia.com\/en\/wp-json\/wp\/v2\/product_cat?post=83652"},{"taxonomy":"product_tag","embeddable":true,"href":"https:\/\/military-classic-memorabilia.com\/en\/wp-json\/wp\/v2\/product_tag?post=83652"}],"curies":[{"name":"wp","href":"https:\/\/api.w.org\/{rel}","templated":true}]}}