{"id":86157,"date":"2024-03-15T14:10:07","date_gmt":"2024-03-15T13:10:07","guid":{"rendered":"https:\/\/military-classic-memorabilia.com\/?post_type=product&#038;p=86157"},"modified":"2024-10-21T09:46:51","modified_gmt":"2024-10-21T07:46:51","slug":"military-classic-magazine-n1","status":"publish","type":"product","link":"https:\/\/military-classic-memorabilia.com\/en\/product\/military-classic-magazine-n1\/","title":{"rendered":"Military Classic MAGAZINE &#8211; N\u00b01"},"content":{"rendered":"<p>Military Cassic MAGAZINE N\u00b01<\/p>\n<p>Discover a magazine dedicated to your collections, with more than 150 full-color pages and several large, unique and original sections and articles: Stories &amp; Discoveries, Zoom, Techniques, Confessions, Culture and Shopping&#8230;<\/p>\n<p>Contents of the first issue:<\/p>\n<p><strong>SCHWIMMWAGEN <\/strong>\u00ab WHITE SHARK \u00bb &#8211; Une d\u00e9couverte exceptionnelle<\/p>\n<p><strong>M10 ACHILLES<\/strong> -Zoom sur une restauration<\/p>\n<p><strong>\u00ab MEMPHIS BELLE \u00bb<\/strong> -Le plus c\u00e9l\u00e8bre des bombardiers B-17<\/p>\n<p><strong>JEEP FORD GPW 1943<\/strong> -Une automobile historique<\/p>\n<p><strong>1944, US ARMORED TRAINING<\/strong> -710th Tank Bataillon en Californie<\/p>\n<p><strong>MERCEDES-BENZ 770K<\/strong> &#8211; Special &#8211; Tourenwagen<\/p>\n<p><strong>HARLEY DAVIDSON Wla<\/strong> &#8211; Une moto d\u2019exception<\/p>\n<p><strong>SALADES DE SHERMAN<\/strong> &#8211; L\u2019actualit\u00e9 de Military Classic<\/p>\n<p><strong>JEEP WILLYS EARLY <\/strong>-Confessions de propri\u00e9taire<\/p>\n<p><strong>L\u2019ARMY NURSE CORPS<\/strong> -123\u00e8me Anniversaire<\/p>\n<p><strong>603rd TANK DESTROYER<\/strong> -Un Casque US M1 historique<\/p>\n<p><strong>YANKS <\/strong>&#8211; Un film \u00e0 voir ou revoir<\/p>\n<p><strong>JEEP WILLYS MB 1945<\/strong> -Walkaround<\/p>\n<p><strong>GMC CCKW-353<\/strong>&#8211; Retour sur une restauration<\/p>\n<p><strong>REENACTORS<\/strong> &#8211; 155 Howitzer tractor drawn journey<\/p>\n<p><strong>BACK TO THE PAST<\/strong> -L\u2019\u00e9ph\u00e9m\u00e9ride de 1939 \u00e0 1945<\/p>\n<p>French version only.<\/p>\n<p>Don&#8217;t wait to read it&#8230; !<\/p>\n<p><div id='gallery-2' class='gallery galleryid-86157 gallery-columns-4 gallery-size-large'><figure class='gallery-item'>\n\t\t\t<div class='gallery-icon portrait'>\n\t\t\t\t<a href='https:\/\/military-classic-memorabilia.com\/wp-content\/uploads\/2024\/03\/Magazine_1_Page_001-1.jpg'><img loading=\"lazy\" decoding=\"async\" width=\"594\" height=\"840\" src=\"https:\/\/military-classic-memorabilia.com\/wp-content\/uploads\/2024\/03\/Magazine_1_Page_001-1-594x840.jpg\" class=\"attachment-large size-large\" alt=\"\" srcset=\"https:\/\/military-classic-memorabilia.com\/wp-content\/uploads\/2024\/03\/Magazine_1_Page_001-1-594x840.jpg 594w, https:\/\/military-classic-memorabilia.com\/wp-content\/uploads\/2024\/03\/Magazine_1_Page_001-1-258x365.jpg 258w, https:\/\/military-classic-memorabilia.com\/wp-content\/uploads\/2024\/03\/Magazine_1_Page_001-1-768x1085.jpg 768w, https:\/\/military-classic-memorabilia.com\/wp-content\/uploads\/2024\/03\/Magazine_1_Page_001-1-1087x1536.jpg 1087w, https:\/\/military-classic-memorabilia.com\/wp-content\/uploads\/2024\/03\/Magazine_1_Page_001-1-262x370.jpg 262w, https:\/\/military-classic-memorabilia.com\/wp-content\/uploads\/2024\/03\/Magazine_1_Page_001-1-555x784.jpg 555w, https:\/\/military-classic-memorabilia.com\/wp-content\/uploads\/2024\/03\/Magazine_1_Page_001-1.jpg 1299w\" sizes=\"auto, (max-width: 594px) 100vw, 594px\" \/><\/a>\n\t\t\t<\/div><\/figure><figure class='gallery-item'>\n\t\t\t<div class='gallery-icon portrait'>\n\t\t\t\t<a href='https:\/\/military-classic-memorabilia.com\/wp-content\/uploads\/2024\/03\/Image8.jpg'><img loading=\"lazy\" decoding=\"async\" width=\"628\" height=\"840\" src=\"https:\/\/military-classic-memorabilia.com\/wp-content\/uploads\/2024\/03\/Image8-628x840.jpg\" class=\"attachment-large size-large\" alt=\"\" srcset=\"https:\/\/military-classic-memorabilia.com\/wp-content\/uploads\/2024\/03\/Image8-628x840.jpg 628w, https:\/\/military-classic-memorabilia.com\/wp-content\/uploads\/2024\/03\/Image8-273x365.jpg 273w, https:\/\/military-classic-memorabilia.com\/wp-content\/uploads\/2024\/03\/Image8-262x351.jpg 262w, https:\/\/military-classic-memorabilia.com\/wp-content\/uploads\/2024\/03\/Image8-555x743.jpg 555w, https:\/\/military-classic-memorabilia.com\/wp-content\/uploads\/2024\/03\/Image8.jpg 635w\" sizes=\"auto, (max-width: 628px) 100vw, 628px\" \/><\/a>\n\t\t\t<\/div><\/figure><figure class='gallery-item'>\n\t\t\t<div class='gallery-icon portrait'>\n\t\t\t\t<a href='https:\/\/military-classic-memorabilia.com\/wp-content\/uploads\/2024\/03\/Image2.jpg'><img loading=\"lazy\" decoding=\"async\" width=\"608\" height=\"840\" src=\"https:\/\/military-classic-memorabilia.com\/wp-content\/uploads\/2024\/03\/Image2-608x840.jpg\" class=\"attachment-large size-large\" alt=\"\" srcset=\"https:\/\/military-classic-memorabilia.com\/wp-content\/uploads\/2024\/03\/Image2-608x840.jpg 608w, https:\/\/military-classic-memorabilia.com\/wp-content\/uploads\/2024\/03\/Image2-264x365.jpg 264w, https:\/\/military-classic-memorabilia.com\/wp-content\/uploads\/2024\/03\/Image2-262x362.jpg 262w, https:\/\/military-classic-memorabilia.com\/wp-content\/uploads\/2024\/03\/Image2-555x767.jpg 555w, https:\/\/military-classic-memorabilia.com\/wp-content\/uploads\/2024\/03\/Image2.jpg 622w\" sizes=\"auto, (max-width: 608px) 100vw, 608px\" \/><\/a>\n\t\t\t<\/div><\/figure><figure class='gallery-item'>\n\t\t\t<div class='gallery-icon landscape'>\n\t\t\t\t<a href='https:\/\/military-classic-memorabilia.com\/wp-content\/uploads\/2024\/03\/Image-145.jpg'><img loading=\"lazy\" decoding=\"async\" width=\"611\" height=\"425\" src=\"https:\/\/military-classic-memorabilia.com\/wp-content\/uploads\/2024\/03\/Image-145.jpg\" class=\"attachment-large size-large\" alt=\"\" srcset=\"https:\/\/military-classic-memorabilia.com\/wp-content\/uploads\/2024\/03\/Image-145.jpg 611w, https:\/\/military-classic-memorabilia.com\/wp-content\/uploads\/2024\/03\/Image-145-525x365.jpg 525w, https:\/\/military-classic-memorabilia.com\/wp-content\/uploads\/2024\/03\/Image-145-262x182.jpg 262w, https:\/\/military-classic-memorabilia.com\/wp-content\/uploads\/2024\/03\/Image-145-555x386.jpg 555w\" sizes=\"auto, (max-width: 611px) 100vw, 611px\" \/><\/a>\n\t\t\t<\/div><\/figure><figure class='gallery-item'>\n\t\t\t<div class='gallery-icon portrait'>\n\t\t\t\t<a href='https:\/\/military-classic-memorabilia.com\/wp-content\/uploads\/2024\/03\/Image3.jpg'><img loading=\"lazy\" decoding=\"async\" width=\"604\" height=\"840\" src=\"https:\/\/military-classic-memorabilia.com\/wp-content\/uploads\/2024\/03\/Image3-604x840.jpg\" class=\"attachment-large size-large\" alt=\"\" srcset=\"https:\/\/military-classic-memorabilia.com\/wp-content\/uploads\/2024\/03\/Image3-604x840.jpg 604w, https:\/\/military-classic-memorabilia.com\/wp-content\/uploads\/2024\/03\/Image3-262x364.jpg 262w, https:\/\/military-classic-memorabilia.com\/wp-content\/uploads\/2024\/03\/Image3-555x772.jpg 555w, https:\/\/military-classic-memorabilia.com\/wp-content\/uploads\/2024\/03\/Image3.jpg 614w\" sizes=\"auto, (max-width: 604px) 100vw, 604px\" \/><\/a>\n\t\t\t<\/div><\/figure><figure class='gallery-item'>\n\t\t\t<div class='gallery-icon portrait'>\n\t\t\t\t<a href='https:\/\/military-classic-memorabilia.com\/wp-content\/uploads\/2024\/03\/Image9.jpg'><img loading=\"lazy\" decoding=\"async\" width=\"595\" height=\"840\" src=\"https:\/\/military-classic-memorabilia.com\/wp-content\/uploads\/2024\/03\/Image9-595x840.jpg\" class=\"attachment-large size-large\" alt=\"\" srcset=\"https:\/\/military-classic-memorabilia.com\/wp-content\/uploads\/2024\/03\/Image9-595x840.jpg 595w, https:\/\/military-classic-memorabilia.com\/wp-content\/uploads\/2024\/03\/Image9-258x365.jpg 258w, https:\/\/military-classic-memorabilia.com\/wp-content\/uploads\/2024\/03\/Image9-262x370.jpg 262w, https:\/\/military-classic-memorabilia.com\/wp-content\/uploads\/2024\/03\/Image9-555x784.jpg 555w, https:\/\/military-classic-memorabilia.com\/wp-content\/uploads\/2024\/03\/Image9.jpg 604w\" sizes=\"auto, (max-width: 595px) 100vw, 595px\" \/><\/a>\n\t\t\t<\/div><\/figure><figure class='gallery-item'>\n\t\t\t<div class='gallery-icon portrait'>\n\t\t\t\t<a href='https:\/\/military-classic-memorabilia.com\/wp-content\/uploads\/2024\/03\/Image4.jpg'><img loading=\"lazy\" decoding=\"async\" width=\"612\" height=\"840\" src=\"https:\/\/military-classic-memorabilia.com\/wp-content\/uploads\/2024\/03\/Image4-612x840.jpg\" class=\"attachment-large size-large\" alt=\"\" srcset=\"https:\/\/military-classic-memorabilia.com\/wp-content\/uploads\/2024\/03\/Image4-612x840.jpg 612w, https:\/\/military-classic-memorabilia.com\/wp-content\/uploads\/2024\/03\/Image4-266x365.jpg 266w, https:\/\/military-classic-memorabilia.com\/wp-content\/uploads\/2024\/03\/Image4-262x359.jpg 262w, https:\/\/military-classic-memorabilia.com\/wp-content\/uploads\/2024\/03\/Image4-555x761.jpg 555w, https:\/\/military-classic-memorabilia.com\/wp-content\/uploads\/2024\/03\/Image4.jpg 621w\" sizes=\"auto, (max-width: 612px) 100vw, 612px\" \/><\/a>\n\t\t\t<\/div><\/figure><figure class='gallery-item'>\n\t\t\t<div class='gallery-icon portrait'>\n\t\t\t\t<a href='https:\/\/military-classic-memorabilia.com\/wp-content\/uploads\/2024\/03\/Image5.jpg'><img loading=\"lazy\" decoding=\"async\" width=\"609\" height=\"840\" src=\"https:\/\/military-classic-memorabilia.com\/wp-content\/uploads\/2024\/03\/Image5-609x840.jpg\" class=\"attachment-large size-large\" alt=\"\" srcset=\"https:\/\/military-classic-memorabilia.com\/wp-content\/uploads\/2024\/03\/Image5-609x840.jpg 609w, https:\/\/military-classic-memorabilia.com\/wp-content\/uploads\/2024\/03\/Image5-265x365.jpg 265w, https:\/\/military-classic-memorabilia.com\/wp-content\/uploads\/2024\/03\/Image5-262x361.jpg 262w, https:\/\/military-classic-memorabilia.com\/wp-content\/uploads\/2024\/03\/Image5-555x765.jpg 555w, https:\/\/military-classic-memorabilia.com\/wp-content\/uploads\/2024\/03\/Image5.jpg 618w\" sizes=\"auto, (max-width: 609px) 100vw, 609px\" \/><\/a>\n\t\t\t<\/div><\/figure><figure class='gallery-item'>\n\t\t\t<div class='gallery-icon portrait'>\n\t\t\t\t<a href='https:\/\/military-classic-memorabilia.com\/wp-content\/uploads\/2024\/03\/Image6.jpg'><img loading=\"lazy\" decoding=\"async\" width=\"591\" height=\"840\" src=\"https:\/\/military-classic-memorabilia.com\/wp-content\/uploads\/2024\/03\/Image6-591x840.jpg\" class=\"attachment-large size-large\" alt=\"\" srcset=\"https:\/\/military-classic-memorabilia.com\/wp-content\/uploads\/2024\/03\/Image6-591x840.jpg 591w, https:\/\/military-classic-memorabilia.com\/wp-content\/uploads\/2024\/03\/Image6-257x365.jpg 257w, https:\/\/military-classic-memorabilia.com\/wp-content\/uploads\/2024\/03\/Image6-262x373.jpg 262w, https:\/\/military-classic-memorabilia.com\/wp-content\/uploads\/2024\/03\/Image6-555x789.jpg 555w, https:\/\/military-classic-memorabilia.com\/wp-content\/uploads\/2024\/03\/Image6.jpg 602w\" sizes=\"auto, (max-width: 591px) 100vw, 591px\" \/><\/a>\n\t\t\t<\/div><\/figure><figure class='gallery-item'>\n\t\t\t<div class='gallery-icon portrait'>\n\t\t\t\t<a href='https:\/\/military-classic-memorabilia.com\/wp-content\/uploads\/2024\/03\/Image7.jpg'><img loading=\"lazy\" decoding=\"async\" width=\"601\" height=\"840\" src=\"https:\/\/military-classic-memorabilia.com\/wp-content\/uploads\/2024\/03\/Image7-601x840.jpg\" class=\"attachment-large size-large\" alt=\"\" srcset=\"https:\/\/military-classic-memorabilia.com\/wp-content\/uploads\/2024\/03\/Image7-601x840.jpg 601w, https:\/\/military-classic-memorabilia.com\/wp-content\/uploads\/2024\/03\/Image7-261x365.jpg 261w, https:\/\/military-classic-memorabilia.com\/wp-content\/uploads\/2024\/03\/Image7-262x366.jpg 262w, https:\/\/military-classic-memorabilia.com\/wp-content\/uploads\/2024\/03\/Image7-555x776.jpg 555w, https:\/\/military-classic-memorabilia.com\/wp-content\/uploads\/2024\/03\/Image7.jpg 606w\" sizes=\"auto, (max-width: 601px) 100vw, 601px\" \/><\/a>\n\t\t\t<\/div><\/figure>\n\t\t<\/div>\n<\/p>","protected":false},"excerpt":{"rendered":"<p>Military Cassic MAGAZINE N\u00b01 Discover a magazine dedicated to your collections, with more than 150 full-color pages and several large, unique and original sections and articles: Stories &amp; Discoveries, Zoom, Techniques, Confessions, Culture and Shopping&#8230; Contents of the first issue: SCHWIMMWAGEN \u00ab WHITE SHARK \u00bb &#8211; Une d\u00e9couverte exceptionnelle M10 ACHILLES -Zoom sur une restauration [&hellip;]<\/p>\n","protected":false},"featured_media":86158,"template":"","meta":[],"product_cat":[158],"product_tag":[],"class_list":{"0":"post-86157","1":"product","2":"type-product","3":"status-publish","4":"has-post-thumbnail","6":"product_cat-archives","8":"first","9":"outofstock","10":"taxable","11":"shipping-taxable","12":"purchasable","13":"product-type-simple"},"_links":{"self":[{"href":"https:\/\/military-classic-memorabilia.com\/en\/wp-json\/wp\/v2\/product\/86157","targetHints":{"allow":["GET"]}}],"collection":[{"href":"https:\/\/military-classic-memorabilia.com\/en\/wp-json\/wp\/v2\/product"}],"about":[{"href":"https:\/\/military-classic-memorabilia.com\/en\/wp-json\/wp\/v2\/types\/product"}],"wp:featuredmedia":[{"embeddable":true,"href":"https:\/\/military-classic-memorabilia.com\/en\/wp-json\/wp\/v2\/media\/86158"}],"wp:attachment":[{"href":"https:\/\/military-classic-memorabilia.com\/en\/wp-json\/wp\/v2\/media?parent=86157"}],"wp:term":[{"taxonomy":"product_cat","embeddable":true,"href":"https:\/\/military-classic-memorabilia.com\/en\/wp-json\/wp\/v2\/product_cat?post=86157"},{"taxonomy":"product_tag","embeddable":true,"href":"https:\/\/military-classic-memorabilia.com\/en\/wp-json\/wp\/v2\/product_tag?post=86157"}],"curies":[{"name":"wp","href":"https:\/\/api.w.org\/{rel}","templated":true}]}}