{"id":88412,"date":"2025-01-31T11:14:19","date_gmt":"2025-01-31T10:14:19","guid":{"rendered":"https:\/\/military-classic-memorabilia.com\/?post_type=product&#038;p=88412"},"modified":"2025-02-05T15:24:34","modified_gmt":"2025-02-05T14:24:34","slug":"supports-de-pompe-a-air-harley-davidson","status":"publish","type":"product","link":"https:\/\/military-classic-memorabilia.com\/en\/product\/supports-de-pompe-a-air-harley-davidson\/","title":{"rendered":"(Fran\u00e7ais) supports de pompe \u00e0 air Harley-Davidson"},"content":{"rendered":"<p class=\"qtranxs-available-languages-message qtranxs-available-languages-message-en\">Sorry, this entry is only available in <a href=\"https:\/\/military-classic-memorabilia.com\/fr\/wp-json\/wp\/v2\/product\/88412\" class=\"qtranxs-available-language-link qtranxs-available-language-link-fr\" title=\"Fran\u00e7ais\">Fran\u00e7ais<\/a>.<\/p><p>Deux supports sup\u00e9rieur et inf\u00e9rieur de pompe \u00e0 air pour Harley-Davidson.<\/p>\n<p>En acier dans leur \u00e9tat d&#8217;origine.<\/p>","protected":false},"excerpt":{"rendered":"<p>Sorry, this entry is only available in Fran\u00e7ais.Deux supports sup\u00e9rieur et inf\u00e9rieur de pompe \u00e0 air pour Harley-Davidson. En acier dans leur \u00e9tat d&#8217;origine.<\/p>\n","protected":false},"featured_media":88413,"template":"","meta":[],"product_cat":[158],"product_tag":[],"class_list":{"0":"post-88412","1":"product","2":"type-product","3":"status-publish","4":"has-post-thumbnail","6":"product_cat-archives","8":"first","9":"outofstock","10":"taxable","11":"shipping-taxable","12":"purchasable","13":"product-type-simple"},"_links":{"self":[{"href":"https:\/\/military-classic-memorabilia.com\/en\/wp-json\/wp\/v2\/product\/88412","targetHints":{"allow":["GET"]}}],"collection":[{"href":"https:\/\/military-classic-memorabilia.com\/en\/wp-json\/wp\/v2\/product"}],"about":[{"href":"https:\/\/military-classic-memorabilia.com\/en\/wp-json\/wp\/v2\/types\/product"}],"wp:featuredmedia":[{"embeddable":true,"href":"https:\/\/military-classic-memorabilia.com\/en\/wp-json\/wp\/v2\/media\/88413"}],"wp:attachment":[{"href":"https:\/\/military-classic-memorabilia.com\/en\/wp-json\/wp\/v2\/media?parent=88412"}],"wp:term":[{"taxonomy":"product_cat","embeddable":true,"href":"https:\/\/military-classic-memorabilia.com\/en\/wp-json\/wp\/v2\/product_cat?post=88412"},{"taxonomy":"product_tag","embeddable":true,"href":"https:\/\/military-classic-memorabilia.com\/en\/wp-json\/wp\/v2\/product_tag?post=88412"}],"curies":[{"name":"wp","href":"https:\/\/api.w.org\/{rel}","templated":true}]}}