{"id":89159,"date":"2025-03-05T18:36:07","date_gmt":"2025-03-05T17:36:07","guid":{"rendered":"https:\/\/military-classic-memorabilia.com\/?post_type=product&#038;p=89159"},"modified":"2025-06-28T15:08:45","modified_gmt":"2025-06-28T13:08:45","slug":"poignard-colonial-mk1-us-navy","status":"publish","type":"product","link":"https:\/\/military-classic-memorabilia.com\/en\/product\/poignard-colonial-mk1-us-navy\/","title":{"rendered":"US NAVY Colonial dagger mk 1"},"content":{"rendered":"<p>Dague Mk 1 de la compagnie coloniale utilis\u00e9e par la marine am\u00e9ricaine.<\/p>\n<p>Poign\u00e9e en plastique moul\u00e9 d&#8217;une seule pi\u00e8ce<\/p>\n<p>Longueur totale : 25 cm<\/p>\n<p>Lame : 13 cm<\/p>\n<p>Fourreaux en thermoplastique, pression fonctionnelle.<\/p>\n<p>En \u00e9tat d&#8217;origine.<\/p>","protected":false},"excerpt":{"rendered":"<p>Dague Mk 1 de la compagnie coloniale utilis\u00e9e par la marine am\u00e9ricaine. Poign\u00e9e en plastique moul\u00e9 d&#8217;une seule pi\u00e8ce Longueur totale : 25 cm Lame : 13 cm Fourreaux en thermoplastique, pression fonctionnelle. En \u00e9tat d&#8217;origine.<\/p>\n","protected":false},"featured_media":89160,"template":"","meta":[],"product_cat":[158],"product_tag":[],"class_list":{"0":"post-89159","1":"product","2":"type-product","3":"status-publish","4":"has-post-thumbnail","6":"product_cat-archives","8":"first","9":"outofstock","10":"taxable","11":"shipping-taxable","12":"purchasable","13":"product-type-simple"},"_links":{"self":[{"href":"https:\/\/military-classic-memorabilia.com\/en\/wp-json\/wp\/v2\/product\/89159","targetHints":{"allow":["GET"]}}],"collection":[{"href":"https:\/\/military-classic-memorabilia.com\/en\/wp-json\/wp\/v2\/product"}],"about":[{"href":"https:\/\/military-classic-memorabilia.com\/en\/wp-json\/wp\/v2\/types\/product"}],"wp:featuredmedia":[{"embeddable":true,"href":"https:\/\/military-classic-memorabilia.com\/en\/wp-json\/wp\/v2\/media\/89160"}],"wp:attachment":[{"href":"https:\/\/military-classic-memorabilia.com\/en\/wp-json\/wp\/v2\/media?parent=89159"}],"wp:term":[{"taxonomy":"product_cat","embeddable":true,"href":"https:\/\/military-classic-memorabilia.com\/en\/wp-json\/wp\/v2\/product_cat?post=89159"},{"taxonomy":"product_tag","embeddable":true,"href":"https:\/\/military-classic-memorabilia.com\/en\/wp-json\/wp\/v2\/product_tag?post=89159"}],"curies":[{"name":"wp","href":"https:\/\/api.w.org\/{rel}","templated":true}]}}