{"id":90377,"date":"2025-05-31T00:29:41","date_gmt":"2025-05-30T22:29:41","guid":{"rendered":"https:\/\/military-classic-memorabilia.com\/?post_type=product&#038;p=90377"},"modified":"2026-01-16T09:11:50","modified_gmt":"2026-01-16T08:11:50","slug":"container-a-obus-de-155-howitzer-us","status":"publish","type":"product","link":"https:\/\/military-classic-memorabilia.com\/en\/product\/container-a-obus-de-155-howitzer-us\/","title":{"rendered":"155 Howitzer us shell container"},"content":{"rendered":"<p>Conteneur en t\u00f4le pour le transport et le stockage d&#8217;un obus de 155 Howitzer.<\/p>\n<p>En \u00e9tat d&#8217;origine, clairement marqu\u00e9, dat\u00e9 de janvier 1945.<\/p>\n<p>Utilis\u00e9 pr\u00e9c\u00e9demment, couvercle manquant.<\/p>","protected":false},"excerpt":{"rendered":"<p>Conteneur en t\u00f4le pour le transport et le stockage d&#8217;un obus de 155 Howitzer. En \u00e9tat d&#8217;origine, clairement marqu\u00e9, dat\u00e9 de janvier 1945. Utilis\u00e9 pr\u00e9c\u00e9demment, couvercle manquant.<\/p>\n","protected":false},"featured_media":90378,"template":"","meta":[],"product_cat":[158],"product_tag":[],"class_list":{"0":"post-90377","1":"product","2":"type-product","3":"status-publish","4":"has-post-thumbnail","6":"product_cat-archives","8":"first","9":"outofstock","10":"taxable","11":"shipping-taxable","12":"purchasable","13":"product-type-simple"},"_links":{"self":[{"href":"https:\/\/military-classic-memorabilia.com\/en\/wp-json\/wp\/v2\/product\/90377","targetHints":{"allow":["GET"]}}],"collection":[{"href":"https:\/\/military-classic-memorabilia.com\/en\/wp-json\/wp\/v2\/product"}],"about":[{"href":"https:\/\/military-classic-memorabilia.com\/en\/wp-json\/wp\/v2\/types\/product"}],"wp:featuredmedia":[{"embeddable":true,"href":"https:\/\/military-classic-memorabilia.com\/en\/wp-json\/wp\/v2\/media\/90378"}],"wp:attachment":[{"href":"https:\/\/military-classic-memorabilia.com\/en\/wp-json\/wp\/v2\/media?parent=90377"}],"wp:term":[{"taxonomy":"product_cat","embeddable":true,"href":"https:\/\/military-classic-memorabilia.com\/en\/wp-json\/wp\/v2\/product_cat?post=90377"},{"taxonomy":"product_tag","embeddable":true,"href":"https:\/\/military-classic-memorabilia.com\/en\/wp-json\/wp\/v2\/product_tag?post=90377"}],"curies":[{"name":"wp","href":"https:\/\/api.w.org\/{rel}","templated":true}]}}